{"id":135,"date":"2024-10-02T11:16:12","date_gmt":"2024-10-02T11:16:12","guid":{"rendered":"https:\/\/sh.anerwelten.lu\/?page_id=135"},"modified":"2024-10-03T14:08:34","modified_gmt":"2024-10-03T14:08:34","slug":"about","status":"publish","type":"page","link":"https:\/\/sh.anerwelten.lu\/index.php\/about\/","title":{"rendered":"ABOUT"},"content":{"rendered":"\n<p class=\"has-text-align-left\" style=\"margin-top:0px;margin-right:0%;margin-bottom:0px;margin-left:0%\">De Schwaarzen Hond (Black Dog) is a contemporary poetry webzine from Esch, Luxembourg.<\/p>\n\n\n\n<p class=\"has-text-align-left\" style=\"margin-top:0px;margin-right:0%;margin-bottom:0px;margin-left:0%\"><br>De Schwaarzen Hond (Black Dog) is edited by <a href=\"https:\/\/www.instagram.com\/cosimo_suglia\/\">Cosimo Suglia<\/a> and <a href=\"https:\/\/www.instagram.com\/maxime_heim\/\">Maxime Heim<\/a>.<\/p>\n\n\n\n<p class=\"has-text-align-left\" style=\"margin-top:0px;margin-right:0%;margin-bottom:0px;margin-left:0%\"><br>De Schwaarzen Hond (Black Dog) publishes poetry in Luxembourgish, German, French, and English.<\/p>\n\n\n\n<p class=\"has-text-align-left\" style=\"margin-top:0px;margin-right:0%;margin-bottom:0px;margin-left:0%\"><\/p>\n\n\n\n<p><\/p>\n\n\n\n<p class=\"has-text-align-left\" style=\"margin-top:0px;margin-right:0%;margin-bottom:0px;margin-left:0%\">De Schwaarzen Hond (Black Dog)&#8217;s name is inspired by <a href=\"https:\/\/viewer.eluxemburgensia.lu\/ark:70795\/rvks9k\/pages\/65\/articles\/DTL1760?search=hund\">Luxembourgish folklore<\/a>.<\/p>\n\n\n\n<p class=\"has-text-align-left\" style=\"margin-top:0px;margin-right:0%;margin-bottom:0px;margin-left:0%\"><br>De Schwaarzen Hond (Black Dog)&#8217;s logo is from a <a href=\"https:\/\/www.artic.edu\/artworks\/9898\/half-litra-coin-depicting-the-goddess-roma\">Roman coin<\/a> (a &#8220;Half-Litra&#8221;) from 230 BCE, depicting on the one side the Goddess Roma and on the other side the dog.<\/p>\n\n\n\n<p><\/p>\n\n\n\n<hr class=\"wp-block-separator has-alpha-channel-opacity is-style-dots\"\/>\n\n\n\n<blockquote class=\"wp-block-quote is-layout-flow wp-block-quote-is-layout-flow\">\n<p class=\"has-text-align-left .justify-text { text-align: justify; }\" id=\"justify-text\">Nr. 78. Der Stadtgeist als schwarzer Hund.<\/p>\n\n\n\n<p class=\"has-text-align-left\">In Gestalt eines gro\u00dfen schwarzen Hundes lag der Geist einst gegen Mitternacht quer ausgestreckt auf derselben Br\u00fccke und war so lang, dass er die ganze Breite des Weges einnahm. Ein Tagel\u00f6hner namens \u201eLechner&#8221;, der noch sp\u00e4t gearbeitet hatte, gewahrte das Ungeheuer, das ihm die Stra\u00dfe zu versperren schien. Da er jedoch um jeden Preis nach Hause kommen wollte, sprang er mutig an der Stelle, die am wenigsten gef\u00e4hrlich schien, n\u00e4mlich an der Schwanzspitze, \u00fcber das Tier und lief, so schnell er konnte. Kaum war er jedoch einige Schritte vorw\u00e4rts gekommen, bemerkte er \u00fcber seiner rechten Schulter, neben seinem Kopf, die Schnauze des Hundes, die sich mit ihm bewegte. Halbtot vor Angst erreichte \u201eLechner&#8221; trotzdem gl\u00fccklich das Haus eines Nachbarn, in dem noch das Licht einer Spinnstube brannte.<\/p>\n\n\n\n<p class=\"has-text-align-left .justify-text { text-align: justify; }\" id=\"justify-text\">Edmond de la Fontain, <em>Luxemburger Sagen und Legenden <\/em>(1882)<\/p>\n<\/blockquote>\n\n\n\n<p><\/p>\n\n\n\n<blockquote class=\"wp-block-quote is-layout-flow wp-block-quote-is-layout-flow\">\n<p>No. 78. The Town Spirit as a Black Dog.<\/p>\n\n\n\n<p><br>In the form of a large black dog, the spirit once lay stretched across the bridge around midnight and was so long that it took up the entirety of the path. A worker named &#8220;Lechner,&#8221; who had been working late, noticed the creature, which seemed to be blocking his way. However, since he wanted to get home at any cost, he bravely jumped over the spot that seemed the least dangerous, namely the tip of the tail, and ran as fast as he could. But he had only taken a few steps forward until he noticed, over his right shoulder, next to his head, the dog\u2019s maw, which was moving along with him. Filled with fear, &#8220;Lechner&#8221; safely reached a neighbor&#8217;s house, where the light of a spinning room still burned.<\/p>\n\n\n\n<p>Translated by Cosimo Suglia<\/p>\n<\/blockquote>\n\n\n\n<p><\/p>\n","protected":false},"excerpt":{"rendered":"<p>De Schwaarzen Hond (Black Dog) is a contemporary poetry webzine from Esch, Luxembourg. De Schwaarzen Hond (Black Dog) is edited by Cosimo Suglia and Maxime Heim. De Schwaarzen Hond (Black Dog) publishes poetry in Luxembourgish, German, French, and English. De Schwaarzen Hond (Black Dog)&#8217;s name is inspired by Luxembourgish folklore. De Schwaarzen Hond (Black Dog)&#8217;s [&hellip;]<\/p>\n","protected":false},"author":1,"featured_media":0,"parent":0,"menu_order":0,"comment_status":"closed","ping_status":"closed","template":"","meta":{"footnotes":""},"class_list":["post-135","page","type-page","status-publish","hentry"],"_links":{"self":[{"href":"https:\/\/sh.anerwelten.lu\/index.php\/wp-json\/wp\/v2\/pages\/135","targetHints":{"allow":["GET"]}}],"collection":[{"href":"https:\/\/sh.anerwelten.lu\/index.php\/wp-json\/wp\/v2\/pages"}],"about":[{"href":"https:\/\/sh.anerwelten.lu\/index.php\/wp-json\/wp\/v2\/types\/page"}],"author":[{"embeddable":true,"href":"https:\/\/sh.anerwelten.lu\/index.php\/wp-json\/wp\/v2\/users\/1"}],"replies":[{"embeddable":true,"href":"https:\/\/sh.anerwelten.lu\/index.php\/wp-json\/wp\/v2\/comments?post=135"}],"version-history":[{"count":14,"href":"https:\/\/sh.anerwelten.lu\/index.php\/wp-json\/wp\/v2\/pages\/135\/revisions"}],"predecessor-version":[{"id":168,"href":"https:\/\/sh.anerwelten.lu\/index.php\/wp-json\/wp\/v2\/pages\/135\/revisions\/168"}],"wp:attachment":[{"href":"https:\/\/sh.anerwelten.lu\/index.php\/wp-json\/wp\/v2\/media?parent=135"}],"curies":[{"name":"wp","href":"https:\/\/api.w.org\/{rel}","templated":true}]}}